{"id":1433,"date":"2023-05-04T06:26:21","date_gmt":"2023-05-04T06:26:21","guid":{"rendered":"https:\/\/burodesign.repro-net.com\/a-propos\/"},"modified":"2023-05-12T01:41:52","modified_gmt":"2023-05-12T01:41:52","slug":"a-propos","status":"publish","type":"page","link":"https:\/\/www.burodesigninternational.com\/a-propos\/","title":{"rendered":"\u00c0 propos"},"content":{"rendered":"<p>[et_pb_section fb_built=\u00a0\u00bb1&Prime; module_id=\u00a0\u00bbotherpagemenu\u00a0\u00bb module_class=\u00a0\u00bbheader_2&Prime; _builder_version=\u00a0\u00bb4.20.2&Prime; _module_preset=\u00a0\u00bbdefault\u00a0\u00bb background_enable_color=\u00a0\u00bboff\u00a0\u00bb custom_padding=\u00a0\u00bb0px||0px||false|false\u00a0\u00bb global_module=\u00a0\u00bb1893&Prime; saved_tabs=\u00a0\u00bball\u00a0\u00bb locked=\u00a0\u00bboff\u00a0\u00bb global_colors_info=\u00a0\u00bb{}\u00a0\u00bb][et_pb_row _builder_version=\u00a0\u00bb4.20.2&Prime; _module_preset=\u00a0\u00bbdefault\u00a0\u00bb global_colors_info=\u00a0\u00bb{}\u00a0\u00bb][et_pb_column type=\u00a0\u00bb4_4&Prime; _builder_version=\u00a0\u00bb4.16&Prime; _module_preset=\u00a0\u00bbdefault\u00a0\u00bb global_colors_info=\u00a0\u00bb{}\u00a0\u00bb][et_pb_menu menu_style=\u00a0\u00bbcentered\u00a0\u00bb active_link_color=\u00a0\u00bb#e30713&Prime; module_class=\u00a0\u00bbmenu_1&Prime; _builder_version=\u00a0\u00bb4.16&Prime; _module_preset=\u00a0\u00bbdefault\u00a0\u00bb menu_font=\u00a0\u00bb|||on|||||\u00a0\u00bb menu_text_color=\u00a0\u00bb#FFFFFF\u00a0\u00bb menu_font_size=\u00a0\u00bb20px\u00a0\u00bb background_enable_color=\u00a0\u00bboff\u00a0\u00bb global_colors_info=\u00a0\u00bb{}\u00a0\u00bb][\/et_pb_menu][\/et_pb_column][\/et_pb_row][\/et_pb_section][et_pb_section fb_built=\u00a0\u00bb1&Prime; _builder_version=\u00a0\u00bb4.20.2&Prime; _module_preset=\u00a0\u00bbdefault\u00a0\u00bb background_color=\u00a0\u00bb#fff1f1&Prime; custom_padding=\u00a0\u00bb20px||5px||false|false\u00a0\u00bb locked=\u00a0\u00bboff\u00a0\u00bb global_colors_info=\u00a0\u00bb{}\u00a0\u00bb][et_pb_row _builder_version=\u00a0\u00bb4.16&Prime; _module_preset=\u00a0\u00bbdefault\u00a0\u00bb custom_padding=\u00a0\u00bb10px||||false|false\u00a0\u00bb locked=\u00a0\u00bboff\u00a0\u00bb global_colors_info=\u00a0\u00bb{}\u00a0\u00bb][et_pb_column type=\u00a0\u00bb4_4&Prime; _builder_version=\u00a0\u00bb4.16&Prime; _module_preset=\u00a0\u00bbdefault\u00a0\u00bb global_colors_info=\u00a0\u00bb{}\u00a0\u00bb][et_pb_text _builder_version=\u00a0\u00bb4.20.2&Prime; _module_preset=\u00a0\u00bbdefault\u00a0\u00bb header_2_text_align=\u00a0\u00bbcenter\u00a0\u00bb hover_enabled=\u00a0\u00bb0&Prime; global_colors_info=\u00a0\u00bb{}\u00a0\u00bb text_orientation=\u00a0\u00bbcenter\u00a0\u00bb sticky_enabled=\u00a0\u00bb0&Prime;]<\/p>\n<h2>\u00c0 <span class=\"red-text\">propos<\/span><\/h2>\n<p>[\/et_pb_text][\/et_pb_column][\/et_pb_row][\/et_pb_section][et_pb_section fb_built=\u00a0\u00bb1&Prime; _builder_version=\u00a0\u00bb4.20.2&Prime; _module_preset=\u00a0\u00bbdefault\u00a0\u00bb custom_padding=\u00a0\u00bb||||false|false\u00a0\u00bb global_colors_info=\u00a0\u00bb{}\u00a0\u00bb][et_pb_row column_structure=\u00a0\u00bb1_2,1_2&Prime; _builder_version=\u00a0\u00bb4.20.2&Prime; _module_preset=\u00a0\u00bbdefault\u00a0\u00bb custom_padding=\u00a0\u00bb||||false|false\u00a0\u00bb global_colors_info=\u00a0\u00bb{}\u00a0\u00bb][et_pb_column type=\u00a0\u00bb1_2&Prime; _builder_version=\u00a0\u00bb4.20.2&Prime; _module_preset=\u00a0\u00bbdefault\u00a0\u00bb global_colors_info=\u00a0\u00bb{}\u00a0\u00bb][et_pb_image src=\u00a0\u00bbhttps:\/\/www.burodesigninternational.com\/wp-content\/uploads\/2023\/05\/about.png\u00a0\u00bb title_text=\u00a0\u00bbpropos\u00a0\u00bb _builder_version=\u00a0\u00bb4.20.2&Prime; _module_preset=\u00a0\u00bbdefault\u00a0\u00bb global_colors_info=\u00a0\u00bb{}\u00a0\u00bb][\/et_pb_image][\/et_pb_column][et_pb_column type=\u00a0\u00bb1_2&Prime; _builder_version=\u00a0\u00bb4.20.2&Prime; _module_preset=\u00a0\u00bbdefault\u00a0\u00bb global_colors_info=\u00a0\u00bb{}\u00a0\u00bb][et_pb_text _builder_version=\u00a0\u00bb4.20.2&Prime; _module_preset=\u00a0\u00bbdefault\u00a0\u00bb header_2_text_align=\u00a0\u00bbleft\u00a0\u00bb locked=\u00a0\u00bboff\u00a0\u00bb global_colors_info=\u00a0\u00bb{}\u00a0\u00bb]<\/p>\n<h2>Buro <span style=\"color: #e30713;\">Design<\/span><\/h2>\n<p>[\/et_pb_text][et_pb_text _builder_version=\u00a0\u00bb4.20.2&Prime; _module_preset=\u00a0\u00bbdefault\u00a0\u00bb global_colors_info=\u00a0\u00bb{}\u00a0\u00bb]Pr\u00e9curseur dans le march\u00e9 du mobilier de la collectivit\u00e9, Buro Design International innove en pr\u00e9sentant ses toutes nouvelles collections aux tendances Zen. Ces nouveaux concepts seront \u00e9volutifs et adaptables aux besoins de chaque utilisateur afin de maximiser les performances et l&rsquo;image de chaque entreprise.<\/p>\n<p>Les nouvelles collections de mobiliers de bureau \u00e9pur\u00e9es sont issues des derni\u00e8res tendances europ\u00e9ennes procurant des espaces de travail harmonieux qui incitent \u00e0 une productivit\u00e9 accrue dans un contexte de bien-\u00eatre.<\/p>\n<p>Reconnu pour la qualit\u00e9 de son service, de ses produits ainsi que sa tr\u00e8s grande flexibilit\u00e9, Buro Design saura s\u2019adapter \u00e0 vos exigences ainsi qu\u2019\u00e0 votre budget avec ses collections mall\u00e9ables et adaptables.[\/et_pb_text][et_pb_button button_url=\u00a0\u00bb@ET-DC@eyJkeW5hbWljIjp0cnVlLCJjb250ZW50IjoicG9zdF9saW5rX3VybF9wYWdlIiwic2V0dGluZ3MiOnsicG9zdF9pZCI6IjM0In19@\u00a0\u00bb button_text=\u00a0\u00bbNous joindre\u00a0\u00bb button_alignment=\u00a0\u00bbleft\u00a0\u00bb _builder_version=\u00a0\u00bb4.20.2&Prime; _dynamic_attributes=\u00a0\u00bbbutton_url\u00a0\u00bb _module_preset=\u00a0\u00bbdefault\u00a0\u00bb custom_button=\u00a0\u00bbon\u00a0\u00bb button_text_color=\u00a0\u00bb#E02B20&Prime; button_use_icon=\u00a0\u00bboff\u00a0\u00bb custom_margin=\u00a0\u00bb0px||||false|false\u00a0\u00bb custom_padding=\u00a0\u00bb||||false|false\u00a0\u00bb custom_css_main_element=\u00a0\u00bbfloat: left;\u00a0\u00bb locked=\u00a0\u00bboff\u00a0\u00bb global_colors_info=\u00a0\u00bb{}\u00a0\u00bb][\/et_pb_button][et_pb_button button_url=\u00a0\u00bb@ET-DC@eyJkeW5hbWljIjp0cnVlLCJjb250ZW50IjoicG9zdF9saW5rX3VybF9wYWdlIiwic2V0dGluZ3MiOnsicG9zdF9pZCI6IjE1OTUifX0=@\u00a0\u00bb button_text=\u00a0\u00bbNos r\u00e9alisations\u00a0\u00bb button_alignment=\u00a0\u00bbleft\u00a0\u00bb _builder_version=\u00a0\u00bb4.20.2&Prime; _dynamic_attributes=\u00a0\u00bbbutton_url\u00a0\u00bb _module_preset=\u00a0\u00bbdefault\u00a0\u00bb custom_button=\u00a0\u00bbon\u00a0\u00bb button_text_color=\u00a0\u00bb#E02B20&Prime; button_use_icon=\u00a0\u00bboff\u00a0\u00bb custom_margin=\u00a0\u00bb0px||||false|false\u00a0\u00bb custom_padding=\u00a0\u00bb||||false|false\u00a0\u00bb custom_css_main_element=\u00a0\u00bbfloat: left;||margin-left: 20px;\u00a0\u00bb locked=\u00a0\u00bboff\u00a0\u00bb global_colors_info=\u00a0\u00bb{}\u00a0\u00bb][\/et_pb_button][\/et_pb_column][\/et_pb_row][\/et_pb_section]<\/p>\n","protected":false},"excerpt":{"rendered":"<p>\u00c0 proposBuro DesignPr\u00e9curseur dans le march\u00e9 du mobilier de la collectivit\u00e9, Buro Design International innove en pr\u00e9sentant ses toutes nouvelles collections aux tendances Zen. Ces nouveaux concepts seront \u00e9volutifs et adaptables aux besoins de chaque utilisateur afin de maximiser les performances et l&rsquo;image de chaque entreprise. Les nouvelles collections de mobiliers de bureau \u00e9pur\u00e9es sont [&hellip;]<\/p>\n","protected":false},"author":2,"featured_media":0,"parent":0,"menu_order":0,"comment_status":"closed","ping_status":"closed","template":"","meta":{"_et_pb_use_builder":"on","_et_pb_old_content":"","_et_gb_content_width":"","footnotes":""},"class_list":["post-1433","page","type-page","status-publish","hentry"],"yoast_head":"<!-- This site is optimized with the Yoast SEO plugin v27.5 - https:\/\/yoast.com\/product\/yoast-seo-wordpress\/ -->\r\n<title>\u00c0 propos - Buro Design International<\/title>\r\n<meta name=\"robots\" content=\"index, follow, max-snippet:-1, max-image-preview:large, max-video-preview:-1\" \/>\r\n<link rel=\"canonical\" href=\"https:\/\/www.burodesigninternational.com\/a-propos\/\" \/>\r\n<meta property=\"og:locale\" content=\"fr_FR\" \/>\r\n<meta property=\"og:type\" content=\"article\" \/>\r\n<meta property=\"og:title\" content=\"\u00c0 propos - Buro Design International\" \/>\r\n<meta property=\"og:description\" content=\"\u00c0 proposBuro DesignPr\u00e9curseur dans le march\u00e9 du mobilier de la collectivit\u00e9, Buro Design International innove en pr\u00e9sentant ses toutes nouvelles collections aux tendances Zen. Ces nouveaux concepts seront \u00e9volutifs et adaptables aux besoins de chaque utilisateur afin de maximiser les performances et l&#039;image de chaque entreprise. Les nouvelles collections de mobiliers de bureau \u00e9pur\u00e9es sont [&hellip;]\" \/>\r\n<meta property=\"og:url\" content=\"https:\/\/www.burodesigninternational.com\/a-propos\/\" \/>\r\n<meta property=\"og:site_name\" content=\"Buro Design International\" \/>\r\n<meta property=\"article:publisher\" content=\"https:\/\/www.facebook.com\/burodesignint\/\" \/>\r\n<meta property=\"article:modified_time\" content=\"2023-05-12T01:41:52+00:00\" \/>\r\n<meta name=\"twitter:card\" content=\"summary_large_image\" \/>\r\n<meta name=\"twitter:label1\" content=\"Dur\u00e9e de lecture estim\u00e9e\" \/>\n\t<meta name=\"twitter:data1\" content=\"3 minutes\" \/>\r\n<script type=\"application\/ld+json\" class=\"yoast-schema-graph\">{\"@context\":\"https:\\\/\\\/schema.org\",\"@graph\":[{\"@type\":\"WebPage\",\"@id\":\"https:\\\/\\\/www.burodesigninternational.com\\\/a-propos\\\/\",\"url\":\"https:\\\/\\\/www.burodesigninternational.com\\\/a-propos\\\/\",\"name\":\"\u00c0 propos - Buro Design International\",\"isPartOf\":{\"@id\":\"https:\\\/\\\/www.burodesigninternational.com\\\/#website\"},\"datePublished\":\"2023-05-04T06:26:21+00:00\",\"dateModified\":\"2023-05-12T01:41:52+00:00\",\"breadcrumb\":{\"@id\":\"https:\\\/\\\/www.burodesigninternational.com\\\/a-propos\\\/#breadcrumb\"},\"inLanguage\":\"fr-FR\",\"potentialAction\":[{\"@type\":\"ReadAction\",\"target\":[\"https:\\\/\\\/www.burodesigninternational.com\\\/a-propos\\\/\"]}]},{\"@type\":\"BreadcrumbList\",\"@id\":\"https:\\\/\\\/www.burodesigninternational.com\\\/a-propos\\\/#breadcrumb\",\"itemListElement\":[{\"@type\":\"ListItem\",\"position\":1,\"name\":\"Accueil\",\"item\":\"https:\\\/\\\/www.burodesigninternational.com\\\/\"},{\"@type\":\"ListItem\",\"position\":2,\"name\":\"\u00c0 propos\"}]},{\"@type\":\"WebSite\",\"@id\":\"https:\\\/\\\/www.burodesigninternational.com\\\/#website\",\"url\":\"https:\\\/\\\/www.burodesigninternational.com\\\/\",\"name\":\"Buro Design International\",\"description\":\"\",\"publisher\":{\"@id\":\"https:\\\/\\\/www.burodesigninternational.com\\\/#organization\"},\"potentialAction\":[{\"@type\":\"SearchAction\",\"target\":{\"@type\":\"EntryPoint\",\"urlTemplate\":\"https:\\\/\\\/www.burodesigninternational.com\\\/?s={search_term_string}\"},\"query-input\":{\"@type\":\"PropertyValueSpecification\",\"valueRequired\":true,\"valueName\":\"search_term_string\"}}],\"inLanguage\":\"fr-FR\"},{\"@type\":\"Organization\",\"@id\":\"https:\\\/\\\/www.burodesigninternational.com\\\/#organization\",\"name\":\"Buro Design International\",\"url\":\"https:\\\/\\\/www.burodesigninternational.com\\\/\",\"logo\":{\"@type\":\"ImageObject\",\"inLanguage\":\"fr-FR\",\"@id\":\"https:\\\/\\\/www.burodesigninternational.com\\\/#\\\/schema\\\/logo\\\/image\\\/\",\"url\":\"https:\\\/\\\/www.burodesigninternational.com\\\/wp-content\\\/uploads\\\/2023\\\/05\\\/site_logo.png\",\"contentUrl\":\"https:\\\/\\\/www.burodesigninternational.com\\\/wp-content\\\/uploads\\\/2023\\\/05\\\/site_logo.png\",\"width\":208,\"height\":75,\"caption\":\"Buro Design International\"},\"image\":{\"@id\":\"https:\\\/\\\/www.burodesigninternational.com\\\/#\\\/schema\\\/logo\\\/image\\\/\"},\"sameAs\":[\"https:\\\/\\\/www.facebook.com\\\/burodesignint\\\/\",\"https:\\\/\\\/www.instagram.com\\\/buro.design.international\",\"https:\\\/\\\/www.linkedin.com\\\/company\\\/buro-design-international\\\/\"]}]}<\/script>\r\n<!-- \/ Yoast SEO plugin. -->","yoast_head_json":{"title":"\u00c0 propos - Buro Design International","robots":{"index":"index","follow":"follow","max-snippet":"max-snippet:-1","max-image-preview":"max-image-preview:large","max-video-preview":"max-video-preview:-1"},"canonical":"https:\/\/www.burodesigninternational.com\/a-propos\/","og_locale":"fr_FR","og_type":"article","og_title":"\u00c0 propos - Buro Design International","og_description":"\u00c0 proposBuro DesignPr\u00e9curseur dans le march\u00e9 du mobilier de la collectivit\u00e9, Buro Design International innove en pr\u00e9sentant ses toutes nouvelles collections aux tendances Zen. Ces nouveaux concepts seront \u00e9volutifs et adaptables aux besoins de chaque utilisateur afin de maximiser les performances et l'image de chaque entreprise. Les nouvelles collections de mobiliers de bureau \u00e9pur\u00e9es sont [&hellip;]","og_url":"https:\/\/www.burodesigninternational.com\/a-propos\/","og_site_name":"Buro Design International","article_publisher":"https:\/\/www.facebook.com\/burodesignint\/","article_modified_time":"2023-05-12T01:41:52+00:00","twitter_card":"summary_large_image","twitter_misc":{"Dur\u00e9e de lecture estim\u00e9e":"3 minutes"},"schema":{"@context":"https:\/\/schema.org","@graph":[{"@type":"WebPage","@id":"https:\/\/www.burodesigninternational.com\/a-propos\/","url":"https:\/\/www.burodesigninternational.com\/a-propos\/","name":"\u00c0 propos - Buro Design International","isPartOf":{"@id":"https:\/\/www.burodesigninternational.com\/#website"},"datePublished":"2023-05-04T06:26:21+00:00","dateModified":"2023-05-12T01:41:52+00:00","breadcrumb":{"@id":"https:\/\/www.burodesigninternational.com\/a-propos\/#breadcrumb"},"inLanguage":"fr-FR","potentialAction":[{"@type":"ReadAction","target":["https:\/\/www.burodesigninternational.com\/a-propos\/"]}]},{"@type":"BreadcrumbList","@id":"https:\/\/www.burodesigninternational.com\/a-propos\/#breadcrumb","itemListElement":[{"@type":"ListItem","position":1,"name":"Accueil","item":"https:\/\/www.burodesigninternational.com\/"},{"@type":"ListItem","position":2,"name":"\u00c0 propos"}]},{"@type":"WebSite","@id":"https:\/\/www.burodesigninternational.com\/#website","url":"https:\/\/www.burodesigninternational.com\/","name":"Buro Design International","description":"","publisher":{"@id":"https:\/\/www.burodesigninternational.com\/#organization"},"potentialAction":[{"@type":"SearchAction","target":{"@type":"EntryPoint","urlTemplate":"https:\/\/www.burodesigninternational.com\/?s={search_term_string}"},"query-input":{"@type":"PropertyValueSpecification","valueRequired":true,"valueName":"search_term_string"}}],"inLanguage":"fr-FR"},{"@type":"Organization","@id":"https:\/\/www.burodesigninternational.com\/#organization","name":"Buro Design International","url":"https:\/\/www.burodesigninternational.com\/","logo":{"@type":"ImageObject","inLanguage":"fr-FR","@id":"https:\/\/www.burodesigninternational.com\/#\/schema\/logo\/image\/","url":"https:\/\/www.burodesigninternational.com\/wp-content\/uploads\/2023\/05\/site_logo.png","contentUrl":"https:\/\/www.burodesigninternational.com\/wp-content\/uploads\/2023\/05\/site_logo.png","width":208,"height":75,"caption":"Buro Design International"},"image":{"@id":"https:\/\/www.burodesigninternational.com\/#\/schema\/logo\/image\/"},"sameAs":["https:\/\/www.facebook.com\/burodesignint\/","https:\/\/www.instagram.com\/buro.design.international","https:\/\/www.linkedin.com\/company\/buro-design-international\/"]}]}},"_links":{"self":[{"href":"https:\/\/www.burodesigninternational.com\/wp-json\/wp\/v2\/pages\/1433","targetHints":{"allow":["GET"]}}],"collection":[{"href":"https:\/\/www.burodesigninternational.com\/wp-json\/wp\/v2\/pages"}],"about":[{"href":"https:\/\/www.burodesigninternational.com\/wp-json\/wp\/v2\/types\/page"}],"author":[{"embeddable":true,"href":"https:\/\/www.burodesigninternational.com\/wp-json\/wp\/v2\/users\/2"}],"replies":[{"embeddable":true,"href":"https:\/\/www.burodesigninternational.com\/wp-json\/wp\/v2\/comments?post=1433"}],"version-history":[{"count":0,"href":"https:\/\/www.burodesigninternational.com\/wp-json\/wp\/v2\/pages\/1433\/revisions"}],"wp:attachment":[{"href":"https:\/\/www.burodesigninternational.com\/wp-json\/wp\/v2\/media?parent=1433"}],"curies":[{"name":"wp","href":"https:\/\/api.w.org\/{rel}","templated":true}]}}