{"id":1483,"date":"2023-05-04T06:26:45","date_gmt":"2023-05-04T06:26:45","guid":{"rendered":"https:\/\/burodesign.repro-net.com\/garantie\/"},"modified":"2023-05-30T02:27:33","modified_gmt":"2023-05-30T02:27:33","slug":"garantie","status":"publish","type":"page","link":"https:\/\/www.burodesigninternational.com\/garantie\/","title":{"rendered":"Garantie"},"content":{"rendered":"<p>[et_pb_section fb_built=\u00a0\u00bb1&Prime; module_id=\u00a0\u00bbotherpagemenu\u00a0\u00bb module_class=\u00a0\u00bbheader_2&Prime; _builder_version=\u00a0\u00bb4.20.2&Prime; _module_preset=\u00a0\u00bbdefault\u00a0\u00bb background_enable_color=\u00a0\u00bboff\u00a0\u00bb custom_padding=\u00a0\u00bb0px||0px||false|false\u00a0\u00bb global_module=\u00a0\u00bb1893&Prime; saved_tabs=\u00a0\u00bball\u00a0\u00bb locked=\u00a0\u00bboff\u00a0\u00bb global_colors_info=\u00a0\u00bb{}\u00a0\u00bb][et_pb_row _builder_version=\u00a0\u00bb4.20.2&Prime; _module_preset=\u00a0\u00bbdefault\u00a0\u00bb global_colors_info=\u00a0\u00bb{}\u00a0\u00bb][et_pb_column type=\u00a0\u00bb4_4&Prime; _builder_version=\u00a0\u00bb4.16&Prime; _module_preset=\u00a0\u00bbdefault\u00a0\u00bb global_colors_info=\u00a0\u00bb{}\u00a0\u00bb][et_pb_menu menu_style=\u00a0\u00bbcentered\u00a0\u00bb active_link_color=\u00a0\u00bb#e30713&Prime; module_class=\u00a0\u00bbmenu_1&Prime; _builder_version=\u00a0\u00bb4.16&Prime; _module_preset=\u00a0\u00bbdefault\u00a0\u00bb menu_font=\u00a0\u00bb|||on|||||\u00a0\u00bb menu_text_color=\u00a0\u00bb#FFFFFF\u00a0\u00bb menu_font_size=\u00a0\u00bb20px\u00a0\u00bb background_enable_color=\u00a0\u00bboff\u00a0\u00bb global_colors_info=\u00a0\u00bb{}\u00a0\u00bb][\/et_pb_menu][\/et_pb_column][\/et_pb_row][\/et_pb_section][et_pb_section fb_built=\u00a0\u00bb1&Prime; _builder_version=\u00a0\u00bb4.20.2&Prime; _module_preset=\u00a0\u00bbdefault\u00a0\u00bb background_color=\u00a0\u00bb#fff1f1&Prime; custom_padding=\u00a0\u00bb20px||5px||false|false\u00a0\u00bb locked=\u00a0\u00bboff\u00a0\u00bb global_colors_info=\u00a0\u00bb{}\u00a0\u00bb][et_pb_row _builder_version=\u00a0\u00bb4.16&Prime; _module_preset=\u00a0\u00bbdefault\u00a0\u00bb custom_padding=\u00a0\u00bb10px||||false|false\u00a0\u00bb locked=\u00a0\u00bboff\u00a0\u00bb global_colors_info=\u00a0\u00bb{}\u00a0\u00bb][et_pb_column type=\u00a0\u00bb4_4&Prime; _builder_version=\u00a0\u00bb4.16&Prime; _module_preset=\u00a0\u00bbdefault\u00a0\u00bb global_colors_info=\u00a0\u00bb{}\u00a0\u00bb][et_pb_text _builder_version=\u00a0\u00bb4.20.2&Prime; _module_preset=\u00a0\u00bbdefault\u00a0\u00bb header_2_text_align=\u00a0\u00bbcenter\u00a0\u00bb global_colors_info=\u00a0\u00bb{}\u00a0\u00bb]<\/p>\n<h2>Garantie<\/h2>\n<p>[\/et_pb_text][\/et_pb_column][\/et_pb_row][\/et_pb_section][et_pb_section fb_built=\u00a0\u00bb1&Prime; _builder_version=\u00a0\u00bb4.20.2&Prime; _module_preset=\u00a0\u00bbdefault\u00a0\u00bb global_colors_info=\u00a0\u00bb{}\u00a0\u00bb][et_pb_row _builder_version=\u00a0\u00bb4.20.2&Prime; _module_preset=\u00a0\u00bbdefault\u00a0\u00bb custom_padding=\u00a0\u00bb||0px||false|false\u00a0\u00bb global_colors_info=\u00a0\u00bb{}\u00a0\u00bb][et_pb_column type=\u00a0\u00bb4_4&Prime; _builder_version=\u00a0\u00bb4.20.2&Prime; _module_preset=\u00a0\u00bbdefault\u00a0\u00bb global_colors_info=\u00a0\u00bb{}\u00a0\u00bb][et_pb_text _builder_version=\u00a0\u00bb4.20.2&Prime; _module_preset=\u00a0\u00bbdefault\u00a0\u00bb text_orientation=\u00a0\u00bbcenter\u00a0\u00bb global_colors_info=\u00a0\u00bb{}\u00a0\u00bb]<\/p>\n<p>Les produits lamin\u00e9s \/ stratifi\u00e9s <span class=\"red-text\">Buro Design<\/span> sont garantis \u00e0 vie contre tout d\u00e9faut<br \/>de fabrication et de mat\u00e9riaux \u00e0 compter de la date de livraison.<\/p>\n<p>[\/et_pb_text][\/et_pb_column][\/et_pb_row][et_pb_row column_structure=\u00a0\u00bb1_2,1_2&Prime; module_class=\u00a0\u00bbdisplayflexstyle\u00a0\u00bb _builder_version=\u00a0\u00bb4.20.2&Prime; _module_preset=\u00a0\u00bbdefault\u00a0\u00bb custom_padding=\u00a0\u00bb0px||||false|false\u00a0\u00bb global_colors_info=\u00a0\u00bb{}\u00a0\u00bb][et_pb_column type=\u00a0\u00bb1_2&Prime; _builder_version=\u00a0\u00bb4.20.2&Prime; _module_preset=\u00a0\u00bbdefault\u00a0\u00bb global_colors_info=\u00a0\u00bb{}\u00a0\u00bb][et_pb_image src=\u00a0\u00bbhttps:\/\/www.burodesigninternational.com\/wp-content\/uploads\/2023\/05\/lifetimeimg_FR.jpg\u00a0\u00bb alt=\u00a0\u00bbGarantie \u00e0 vie\u00a0\u00bb title_text=\u00a0\u00bblifetimeimg_EN\u00a0\u00bb _builder_version=\u00a0\u00bb4.20.2&Prime; _module_preset=\u00a0\u00bbdefault\u00a0\u00bb hover_enabled=\u00a0\u00bb0&Prime; global_colors_info=\u00a0\u00bb{}\u00a0\u00bb sticky_enabled=\u00a0\u00bb0&Prime;][\/et_pb_image][\/et_pb_column][et_pb_column type=\u00a0\u00bb1_2&Prime; _builder_version=\u00a0\u00bb4.20.2&Prime; _module_preset=\u00a0\u00bbdefault\u00a0\u00bb global_colors_info=\u00a0\u00bb{}\u00a0\u00bb][et_pb_text module_id=\u00a0\u00bbcrosslist\u00a0\u00bb _builder_version=\u00a0\u00bb4.20.2&Prime; _module_preset=\u00a0\u00bbdefault\u00a0\u00bb global_colors_info=\u00a0\u00bb{}\u00a0\u00bb]<\/p>\n<p><strong>Cette garantie s\u2019applique qu\u2019\u00e0 usage normal et ne s\u2019applique pas aux cas suivants:<\/strong><\/p>\n<ul>\n<li>Variations normales de couleurs et de finis<\/li>\n<li>Modifications apport\u00e9es au produit par un personnel non-autoris\u00e9<\/li>\n<li>Utilisation abusive, n\u00e9gligence, accident, usure ou ternissage d\u2019usage normal.<\/li>\n<\/ul>\n<p>Cette garantie s\u2019applique seulement aux produits achet\u00e9s chez des distributeurs autoris\u00e9s Buro Design.<br \/>Buro Design se r\u00e9serve le droit de remplacer ou de r\u00e9parer le produit.<\/p>\n<p>[\/et_pb_text][et_pb_button button_url=\u00a0\u00bb@ET-DC@eyJkeW5hbWljIjp0cnVlLCJjb250ZW50IjoicG9zdF9saW5rX3VybF9wYWdlIiwic2V0dGluZ3MiOnsicG9zdF9pZCI6IjM0In19@\u00a0\u00bb button_text=\u00a0\u00bbNous joindre\u00a0\u00bb button_alignment=\u00a0\u00bbleft\u00a0\u00bb _builder_version=\u00a0\u00bb4.20.2&Prime; _dynamic_attributes=\u00a0\u00bbbutton_url\u00a0\u00bb _module_preset=\u00a0\u00bbdefault\u00a0\u00bb custom_button=\u00a0\u00bbon\u00a0\u00bb button_text_color=\u00a0\u00bb#E02B20&Prime; button_use_icon=\u00a0\u00bboff\u00a0\u00bb custom_margin=\u00a0\u00bb0px||||false|false\u00a0\u00bb custom_padding=\u00a0\u00bb||||false|false\u00a0\u00bb locked=\u00a0\u00bboff\u00a0\u00bb global_colors_info=\u00a0\u00bb{}\u00a0\u00bb][\/et_pb_button][\/et_pb_column][\/et_pb_row][\/et_pb_section]<\/p>\n","protected":false},"excerpt":{"rendered":"<p>GarantieLes produits lamin\u00e9s \/ stratifi\u00e9s Buro Design sont garantis \u00e0 vie contre tout d\u00e9fautde fabrication et de mat\u00e9riaux \u00e0 compter de la date de livraison.Cette garantie s\u2019applique qu\u2019\u00e0 usage normal et ne s\u2019applique pas aux cas suivants: Variations normales de couleurs et de finis Modifications apport\u00e9es au produit par un personnel non-autoris\u00e9 Utilisation abusive, n\u00e9gligence, [&hellip;]<\/p>\n","protected":false},"author":2,"featured_media":0,"parent":0,"menu_order":0,"comment_status":"closed","ping_status":"closed","template":"","meta":{"_et_pb_use_builder":"on","_et_pb_old_content":"","_et_gb_content_width":"","footnotes":""},"class_list":["post-1483","page","type-page","status-publish","hentry"],"yoast_head":"<!-- This site is optimized with the Yoast SEO plugin v27.5 - https:\/\/yoast.com\/product\/yoast-seo-wordpress\/ -->\r\n<title>Garantie - Buro Design International<\/title>\r\n<meta name=\"robots\" content=\"index, follow, max-snippet:-1, max-image-preview:large, max-video-preview:-1\" \/>\r\n<link rel=\"canonical\" href=\"https:\/\/www.burodesigninternational.com\/garantie\/\" \/>\r\n<meta property=\"og:locale\" content=\"fr_FR\" \/>\r\n<meta property=\"og:type\" content=\"article\" \/>\r\n<meta property=\"og:title\" content=\"Garantie - Buro Design International\" \/>\r\n<meta property=\"og:description\" content=\"GarantieLes produits lamin\u00e9s \/ stratifi\u00e9s Buro Design sont garantis \u00e0 vie contre tout d\u00e9fautde fabrication et de mat\u00e9riaux \u00e0 compter de la date de livraison.Cette garantie s\u2019applique qu\u2019\u00e0 usage normal et ne s\u2019applique pas aux cas suivants: Variations normales de couleurs et de finis Modifications apport\u00e9es au produit par un personnel non-autoris\u00e9 Utilisation abusive, n\u00e9gligence, [&hellip;]\" \/>\r\n<meta property=\"og:url\" content=\"https:\/\/www.burodesigninternational.com\/garantie\/\" \/>\r\n<meta property=\"og:site_name\" content=\"Buro Design International\" \/>\r\n<meta property=\"article:publisher\" content=\"https:\/\/www.facebook.com\/burodesignint\/\" \/>\r\n<meta property=\"article:modified_time\" content=\"2023-05-30T02:27:33+00:00\" \/>\r\n<meta name=\"twitter:card\" content=\"summary_large_image\" \/>\r\n<meta name=\"twitter:label1\" content=\"Dur\u00e9e de lecture estim\u00e9e\" \/>\n\t<meta name=\"twitter:data1\" content=\"3 minutes\" \/>\r\n<script type=\"application\/ld+json\" class=\"yoast-schema-graph\">{\"@context\":\"https:\\\/\\\/schema.org\",\"@graph\":[{\"@type\":\"WebPage\",\"@id\":\"https:\\\/\\\/www.burodesigninternational.com\\\/garantie\\\/\",\"url\":\"https:\\\/\\\/www.burodesigninternational.com\\\/garantie\\\/\",\"name\":\"Garantie - Buro Design International\",\"isPartOf\":{\"@id\":\"https:\\\/\\\/www.burodesigninternational.com\\\/#website\"},\"datePublished\":\"2023-05-04T06:26:45+00:00\",\"dateModified\":\"2023-05-30T02:27:33+00:00\",\"breadcrumb\":{\"@id\":\"https:\\\/\\\/www.burodesigninternational.com\\\/garantie\\\/#breadcrumb\"},\"inLanguage\":\"fr-FR\",\"potentialAction\":[{\"@type\":\"ReadAction\",\"target\":[\"https:\\\/\\\/www.burodesigninternational.com\\\/garantie\\\/\"]}]},{\"@type\":\"BreadcrumbList\",\"@id\":\"https:\\\/\\\/www.burodesigninternational.com\\\/garantie\\\/#breadcrumb\",\"itemListElement\":[{\"@type\":\"ListItem\",\"position\":1,\"name\":\"Accueil\",\"item\":\"https:\\\/\\\/www.burodesigninternational.com\\\/\"},{\"@type\":\"ListItem\",\"position\":2,\"name\":\"Garantie\"}]},{\"@type\":\"WebSite\",\"@id\":\"https:\\\/\\\/www.burodesigninternational.com\\\/#website\",\"url\":\"https:\\\/\\\/www.burodesigninternational.com\\\/\",\"name\":\"Buro Design International\",\"description\":\"\",\"publisher\":{\"@id\":\"https:\\\/\\\/www.burodesigninternational.com\\\/#organization\"},\"potentialAction\":[{\"@type\":\"SearchAction\",\"target\":{\"@type\":\"EntryPoint\",\"urlTemplate\":\"https:\\\/\\\/www.burodesigninternational.com\\\/?s={search_term_string}\"},\"query-input\":{\"@type\":\"PropertyValueSpecification\",\"valueRequired\":true,\"valueName\":\"search_term_string\"}}],\"inLanguage\":\"fr-FR\"},{\"@type\":\"Organization\",\"@id\":\"https:\\\/\\\/www.burodesigninternational.com\\\/#organization\",\"name\":\"Buro Design International\",\"url\":\"https:\\\/\\\/www.burodesigninternational.com\\\/\",\"logo\":{\"@type\":\"ImageObject\",\"inLanguage\":\"fr-FR\",\"@id\":\"https:\\\/\\\/www.burodesigninternational.com\\\/#\\\/schema\\\/logo\\\/image\\\/\",\"url\":\"https:\\\/\\\/www.burodesigninternational.com\\\/wp-content\\\/uploads\\\/2023\\\/05\\\/site_logo.png\",\"contentUrl\":\"https:\\\/\\\/www.burodesigninternational.com\\\/wp-content\\\/uploads\\\/2023\\\/05\\\/site_logo.png\",\"width\":208,\"height\":75,\"caption\":\"Buro Design International\"},\"image\":{\"@id\":\"https:\\\/\\\/www.burodesigninternational.com\\\/#\\\/schema\\\/logo\\\/image\\\/\"},\"sameAs\":[\"https:\\\/\\\/www.facebook.com\\\/burodesignint\\\/\",\"https:\\\/\\\/www.instagram.com\\\/buro.design.international\",\"https:\\\/\\\/www.linkedin.com\\\/company\\\/buro-design-international\\\/\"]}]}<\/script>\r\n<!-- \/ Yoast SEO plugin. -->","yoast_head_json":{"title":"Garantie - Buro Design International","robots":{"index":"index","follow":"follow","max-snippet":"max-snippet:-1","max-image-preview":"max-image-preview:large","max-video-preview":"max-video-preview:-1"},"canonical":"https:\/\/www.burodesigninternational.com\/garantie\/","og_locale":"fr_FR","og_type":"article","og_title":"Garantie - Buro Design International","og_description":"GarantieLes produits lamin\u00e9s \/ stratifi\u00e9s Buro Design sont garantis \u00e0 vie contre tout d\u00e9fautde fabrication et de mat\u00e9riaux \u00e0 compter de la date de livraison.Cette garantie s\u2019applique qu\u2019\u00e0 usage normal et ne s\u2019applique pas aux cas suivants: Variations normales de couleurs et de finis Modifications apport\u00e9es au produit par un personnel non-autoris\u00e9 Utilisation abusive, n\u00e9gligence, [&hellip;]","og_url":"https:\/\/www.burodesigninternational.com\/garantie\/","og_site_name":"Buro Design International","article_publisher":"https:\/\/www.facebook.com\/burodesignint\/","article_modified_time":"2023-05-30T02:27:33+00:00","twitter_card":"summary_large_image","twitter_misc":{"Dur\u00e9e de lecture estim\u00e9e":"3 minutes"},"schema":{"@context":"https:\/\/schema.org","@graph":[{"@type":"WebPage","@id":"https:\/\/www.burodesigninternational.com\/garantie\/","url":"https:\/\/www.burodesigninternational.com\/garantie\/","name":"Garantie - Buro Design International","isPartOf":{"@id":"https:\/\/www.burodesigninternational.com\/#website"},"datePublished":"2023-05-04T06:26:45+00:00","dateModified":"2023-05-30T02:27:33+00:00","breadcrumb":{"@id":"https:\/\/www.burodesigninternational.com\/garantie\/#breadcrumb"},"inLanguage":"fr-FR","potentialAction":[{"@type":"ReadAction","target":["https:\/\/www.burodesigninternational.com\/garantie\/"]}]},{"@type":"BreadcrumbList","@id":"https:\/\/www.burodesigninternational.com\/garantie\/#breadcrumb","itemListElement":[{"@type":"ListItem","position":1,"name":"Accueil","item":"https:\/\/www.burodesigninternational.com\/"},{"@type":"ListItem","position":2,"name":"Garantie"}]},{"@type":"WebSite","@id":"https:\/\/www.burodesigninternational.com\/#website","url":"https:\/\/www.burodesigninternational.com\/","name":"Buro Design International","description":"","publisher":{"@id":"https:\/\/www.burodesigninternational.com\/#organization"},"potentialAction":[{"@type":"SearchAction","target":{"@type":"EntryPoint","urlTemplate":"https:\/\/www.burodesigninternational.com\/?s={search_term_string}"},"query-input":{"@type":"PropertyValueSpecification","valueRequired":true,"valueName":"search_term_string"}}],"inLanguage":"fr-FR"},{"@type":"Organization","@id":"https:\/\/www.burodesigninternational.com\/#organization","name":"Buro Design International","url":"https:\/\/www.burodesigninternational.com\/","logo":{"@type":"ImageObject","inLanguage":"fr-FR","@id":"https:\/\/www.burodesigninternational.com\/#\/schema\/logo\/image\/","url":"https:\/\/www.burodesigninternational.com\/wp-content\/uploads\/2023\/05\/site_logo.png","contentUrl":"https:\/\/www.burodesigninternational.com\/wp-content\/uploads\/2023\/05\/site_logo.png","width":208,"height":75,"caption":"Buro Design International"},"image":{"@id":"https:\/\/www.burodesigninternational.com\/#\/schema\/logo\/image\/"},"sameAs":["https:\/\/www.facebook.com\/burodesignint\/","https:\/\/www.instagram.com\/buro.design.international","https:\/\/www.linkedin.com\/company\/buro-design-international\/"]}]}},"_links":{"self":[{"href":"https:\/\/www.burodesigninternational.com\/wp-json\/wp\/v2\/pages\/1483","targetHints":{"allow":["GET"]}}],"collection":[{"href":"https:\/\/www.burodesigninternational.com\/wp-json\/wp\/v2\/pages"}],"about":[{"href":"https:\/\/www.burodesigninternational.com\/wp-json\/wp\/v2\/types\/page"}],"author":[{"embeddable":true,"href":"https:\/\/www.burodesigninternational.com\/wp-json\/wp\/v2\/users\/2"}],"replies":[{"embeddable":true,"href":"https:\/\/www.burodesigninternational.com\/wp-json\/wp\/v2\/comments?post=1483"}],"version-history":[{"count":6,"href":"https:\/\/www.burodesigninternational.com\/wp-json\/wp\/v2\/pages\/1483\/revisions"}],"predecessor-version":[{"id":5856,"href":"https:\/\/www.burodesigninternational.com\/wp-json\/wp\/v2\/pages\/1483\/revisions\/5856"}],"wp:attachment":[{"href":"https:\/\/www.burodesigninternational.com\/wp-json\/wp\/v2\/media?parent=1483"}],"curies":[{"name":"wp","href":"https:\/\/api.w.org\/{rel}","templated":true}]}}